{"id":3984,"date":"2023-02-06T15:18:39","date_gmt":"2023-02-06T14:18:39","guid":{"rendered":"https:\/\/santepsy.ch\/65-psychische-gesundheit\/angoisses-maladies-et-accidents-deuil\/"},"modified":"2023-11-28T13:24:22","modified_gmt":"2023-11-28T12:24:22","slug":"aengste-krankheit-und-unfaelle-trauer","status":"publish","type":"page","link":"https:\/\/santepsy.ch\/de\/65-psychische-gesundheit\/aengste-krankheit-und-unfaelle-trauer\/","title":{"rendered":"\u00c4ngste, Krankheit und Unf\u00e4lle, Trauer"},"content":{"rendered":"","protected":false},"excerpt":{"rendered":"","protected":false},"author":1,"featured_media":0,"parent":3932,"menu_order":4,"comment_status":"closed","ping_status":"closed","template":"template-child-page-has-children.php","meta":{"_acf_changed":false,"footnotes":""},"class_list":["post-3984","page","type-page","status-publish","hentry"],"acf":[],"yoast_head":"<!-- This site is optimized with the Yoast SEO plugin v27.0 - https:\/\/yoast.com\/product\/yoast-seo-wordpress\/ -->\n<title>\u00c4ngste, Krankheit und Unf\u00e4lle, Trauer | Sant\u00e9Psy.ch<\/title>\n<meta name=\"robots\" content=\"index, follow, max-snippet:-1, max-image-preview:large, max-video-preview:-1\" \/>\n<link rel=\"canonical\" href=\"https:\/\/santepsy.ch\/de\/65-psychische-gesundheit\/aengste-krankheit-und-unfaelle-trauer\/\" \/>\n<meta property=\"og:locale\" content=\"de_DE\" \/>\n<meta property=\"og:type\" content=\"article\" \/>\n<meta property=\"og:title\" content=\"\u00c4ngste, Krankheit und Unf\u00e4lle, Trauer | Sant\u00e9Psy.ch\" \/>\n<meta property=\"og:url\" content=\"https:\/\/santepsy.ch\/de\/65-psychische-gesundheit\/aengste-krankheit-und-unfaelle-trauer\/\" \/>\n<meta property=\"og:site_name\" content=\"Sant\u00e9Psy.ch\" \/>\n<meta property=\"article:modified_time\" content=\"2023-11-28T12:24:22+00:00\" \/>\n<meta name=\"twitter:card\" content=\"summary_large_image\" \/>\n<script type=\"application\/ld+json\" class=\"yoast-schema-graph\">{\"@context\":\"https:\/\/schema.org\",\"@graph\":[{\"@type\":\"WebPage\",\"@id\":\"https:\/\/santepsy.ch\/de\/65-psychische-gesundheit\/aengste-krankheit-und-unfaelle-trauer\/\",\"url\":\"https:\/\/santepsy.ch\/de\/65-psychische-gesundheit\/aengste-krankheit-und-unfaelle-trauer\/\",\"name\":\"\u00c4ngste, Krankheit und Unf\u00e4lle, Trauer | Sant\u00e9Psy.ch\",\"isPartOf\":{\"@id\":\"https:\/\/santepsy.ch\/de\/#website\"},\"datePublished\":\"2023-02-06T14:18:39+00:00\",\"dateModified\":\"2023-11-28T12:24:22+00:00\",\"breadcrumb\":{\"@id\":\"https:\/\/santepsy.ch\/de\/65-psychische-gesundheit\/aengste-krankheit-und-unfaelle-trauer\/#breadcrumb\"},\"inLanguage\":\"de-CH\",\"potentialAction\":[{\"@type\":\"ReadAction\",\"target\":[\"https:\/\/santepsy.ch\/de\/65-psychische-gesundheit\/aengste-krankheit-und-unfaelle-trauer\/\"]}]},{\"@type\":\"BreadcrumbList\",\"@id\":\"https:\/\/santepsy.ch\/de\/65-psychische-gesundheit\/aengste-krankheit-und-unfaelle-trauer\/#breadcrumb\",\"itemListElement\":[{\"@type\":\"ListItem\",\"position\":1,\"name\":\"Home\",\"item\":\"https:\/\/santepsy.ch\/de\/\"},{\"@type\":\"ListItem\",\"position\":2,\"name\":\"Psychische Gesundheit und \u00c4lterwerden\",\"item\":\"https:\/\/santepsy.ch\/de\/65-psychische-gesundheit\/einleitung\/\"},{\"@type\":\"ListItem\",\"position\":3,\"name\":\"\u00c4ngste, Krankheit und Unf\u00e4lle, Trauer\"}]},{\"@type\":\"WebSite\",\"@id\":\"https:\/\/santepsy.ch\/de\/#website\",\"url\":\"https:\/\/santepsy.ch\/de\/\",\"name\":\"Sant\u00e9Psy.ch\",\"description\":\"Tous concern\u00e9s\",\"potentialAction\":[{\"@type\":\"SearchAction\",\"target\":{\"@type\":\"EntryPoint\",\"urlTemplate\":\"https:\/\/santepsy.ch\/de\/?s={search_term_string}\"},\"query-input\":{\"@type\":\"PropertyValueSpecification\",\"valueRequired\":true,\"valueName\":\"search_term_string\"}}],\"inLanguage\":\"de-CH\"}]}<\/script>\n<!-- \/ Yoast SEO plugin. -->","yoast_head_json":{"title":"\u00c4ngste, Krankheit und Unf\u00e4lle, Trauer | Sant\u00e9Psy.ch","robots":{"index":"index","follow":"follow","max-snippet":"max-snippet:-1","max-image-preview":"max-image-preview:large","max-video-preview":"max-video-preview:-1"},"canonical":"https:\/\/santepsy.ch\/de\/65-psychische-gesundheit\/aengste-krankheit-und-unfaelle-trauer\/","og_locale":"de_DE","og_type":"article","og_title":"\u00c4ngste, Krankheit und Unf\u00e4lle, Trauer | Sant\u00e9Psy.ch","og_url":"https:\/\/santepsy.ch\/de\/65-psychische-gesundheit\/aengste-krankheit-und-unfaelle-trauer\/","og_site_name":"Sant\u00e9Psy.ch","article_modified_time":"2023-11-28T12:24:22+00:00","twitter_card":"summary_large_image","schema":{"@context":"https:\/\/schema.org","@graph":[{"@type":"WebPage","@id":"https:\/\/santepsy.ch\/de\/65-psychische-gesundheit\/aengste-krankheit-und-unfaelle-trauer\/","url":"https:\/\/santepsy.ch\/de\/65-psychische-gesundheit\/aengste-krankheit-und-unfaelle-trauer\/","name":"\u00c4ngste, Krankheit und Unf\u00e4lle, Trauer | Sant\u00e9Psy.ch","isPartOf":{"@id":"https:\/\/santepsy.ch\/de\/#website"},"datePublished":"2023-02-06T14:18:39+00:00","dateModified":"2023-11-28T12:24:22+00:00","breadcrumb":{"@id":"https:\/\/santepsy.ch\/de\/65-psychische-gesundheit\/aengste-krankheit-und-unfaelle-trauer\/#breadcrumb"},"inLanguage":"de-CH","potentialAction":[{"@type":"ReadAction","target":["https:\/\/santepsy.ch\/de\/65-psychische-gesundheit\/aengste-krankheit-und-unfaelle-trauer\/"]}]},{"@type":"BreadcrumbList","@id":"https:\/\/santepsy.ch\/de\/65-psychische-gesundheit\/aengste-krankheit-und-unfaelle-trauer\/#breadcrumb","itemListElement":[{"@type":"ListItem","position":1,"name":"Home","item":"https:\/\/santepsy.ch\/de\/"},{"@type":"ListItem","position":2,"name":"Psychische Gesundheit und \u00c4lterwerden","item":"https:\/\/santepsy.ch\/de\/65-psychische-gesundheit\/einleitung\/"},{"@type":"ListItem","position":3,"name":"\u00c4ngste, Krankheit und Unf\u00e4lle, Trauer"}]},{"@type":"WebSite","@id":"https:\/\/santepsy.ch\/de\/#website","url":"https:\/\/santepsy.ch\/de\/","name":"Sant\u00e9Psy.ch","description":"Tous concern\u00e9s","potentialAction":[{"@type":"SearchAction","target":{"@type":"EntryPoint","urlTemplate":"https:\/\/santepsy.ch\/de\/?s={search_term_string}"},"query-input":{"@type":"PropertyValueSpecification","valueRequired":true,"valueName":"search_term_string"}}],"inLanguage":"de-CH"}]}},"_links":{"self":[{"href":"https:\/\/santepsy.ch\/de\/wp-json\/wp\/v2\/pages\/3984","targetHints":{"allow":["GET"]}}],"collection":[{"href":"https:\/\/santepsy.ch\/de\/wp-json\/wp\/v2\/pages"}],"about":[{"href":"https:\/\/santepsy.ch\/de\/wp-json\/wp\/v2\/types\/page"}],"author":[{"embeddable":true,"href":"https:\/\/santepsy.ch\/de\/wp-json\/wp\/v2\/users\/1"}],"replies":[{"embeddable":true,"href":"https:\/\/santepsy.ch\/de\/wp-json\/wp\/v2\/comments?post=3984"}],"version-history":[{"count":2,"href":"https:\/\/santepsy.ch\/de\/wp-json\/wp\/v2\/pages\/3984\/revisions"}],"predecessor-version":[{"id":8550,"href":"https:\/\/santepsy.ch\/de\/wp-json\/wp\/v2\/pages\/3984\/revisions\/8550"}],"up":[{"embeddable":true,"href":"https:\/\/santepsy.ch\/de\/wp-json\/wp\/v2\/pages\/3932"}],"wp:attachment":[{"href":"https:\/\/santepsy.ch\/de\/wp-json\/wp\/v2\/media?parent=3984"}],"curies":[{"name":"wp","href":"https:\/\/api.w.org\/{rel}","templated":true}]}}